{"id":8527,"date":"2025-02-05T13:33:27","date_gmt":"2025-02-05T12:33:27","guid":{"rendered":"http:\/\/www.dev.synfis.de\/?page_id=8527"},"modified":"2025-03-06T09:47:34","modified_gmt":"2025-03-06T08:47:34","slug":"privacy-policy","status":"publish","type":"page","link":"https:\/\/mantle8.com\/fr\/privacy-policy","title":{"rendered":"Politique de confidentialit\u00e9"},"content":{"rendered":"<div data-elementor-type=\"wp-page\" data-elementor-id=\"8527\" class=\"elementor elementor-8527\" data-elementor-post-type=\"page\">\n\t\t\t\t<div class=\"elementor-element elementor-element-c5ceb61 e-flex e-con-boxed e-con e-parent\" data-id=\"c5ceb61\" data-element_type=\"container\" data-e-type=\"container\" data-settings=\"{&quot;jet_parallax_layout_list&quot;:[]}\">\n\t\t\t\t\t<div class=\"e-con-inner\">\n\t\t<div class=\"elementor-element elementor-element-4d8f904 e-flex e-con-boxed e-con e-child\" data-id=\"4d8f904\" data-element_type=\"container\" data-e-type=\"container\" data-settings=\"{&quot;jet_parallax_layout_list&quot;:[]}\">\n\t\t\t\t\t<div class=\"e-con-inner\">\n\t\t\t\t<div class=\"elementor-element elementor-element-846b28c elementor-widget elementor-widget-text-editor\" data-id=\"846b28c\" data-element_type=\"widget\" data-e-type=\"widget\" data-widget_type=\"text-editor.default\">\n\t\t\t\t<div class=\"elementor-widget-container\">\n\t\t\t\t\t\t\t\t\t<p>La pr\u00e9sente politique de confidentialit\u00e9 r\u00e9git la mani\u00e8re dont Mantle8, en tant que responsable du traitement, traite les donn\u00e9es \u00e0 caract\u00e8re personnel li\u00e9es \u00e0 l'utilisation du site web de Mantle8, qui comprend des informations sur les utilisateurs.<\/p><p>Le traitement des donn\u00e9es \u00e0 caract\u00e8re personnel est effectu\u00e9 conform\u00e9ment aux lois et r\u00e9glementations pertinentes, y compris le r\u00e8glement de l'UE 2016\/679 (r\u00e8glement g\u00e9n\u00e9ral sur la protection des donn\u00e9es - \" RGPD \"), et toute autre loi et r\u00e9glementation nationale applicable en mati\u00e8re de protection des donn\u00e9es.<\/p><p>La pr\u00e9sente politique de confidentialit\u00e9 explique comment Mantle8 recueille, utilise et prot\u00e8ge vos donn\u00e9es personnelles.\u00a0<\/p><ol><li>Contr\u00f4leur des donn\u00e9es<\/li><\/ol><p>Mantle8<\/p><p>6 rue de Chamechaude, B\u00e2timent ACTIALP<\/p><p>38360\u00a0<\/p><p>SASSENAGE<\/p><p>France<\/p><p>Si vous avez des questions concernant le traitement de vos donn\u00e9es personnelles par Mantle8, ou pour exercer l'un des droits \u00e9num\u00e9r\u00e9s \u00e0 l'article 8 de la pr\u00e9sente politique de confidentialit\u00e9, vous pouvez nous contacter par e-mail \u00e0 l'adresse suivante : <a href=\"mailto:contact@mantle8.com\">contact@mantle8.com<\/a>.\u00a0<\/p><ol start=\"2\"><li>Informations collect\u00e9es<\/li><\/ol><p>Nous pouvons collecter et traiter des donn\u00e9es \u00e0 caract\u00e8re personnel vous concernant en tant qu'utilisateur du site web de Mantle8 lorsque vous nous avez fourni des informations<\/p><p>Nous pouvons collecter les types de donn\u00e9es personnelles suivants :<\/p><ul><li aria-level=\"1\">Informations de contact : Nom, adresse \u00e9lectronique<\/li><li aria-level=\"1\">Informations techniques : Adresse IP, type de navigateur, informations sur l'appareil<\/li><li aria-level=\"1\">Informations sur l'utilisation : Informations sur la fa\u00e7on dont vous utilisez notre site web\u00a0<\/li><\/ul><ol start=\"3\"><li>Comment nous utilisons vos informations<\/li><\/ol><p>Nous pouvons utiliser vos donn\u00e9es personnelles aux fins suivantes :<\/p><ul><li aria-level=\"1\">Sur la base de notre int\u00e9r\u00eat l\u00e9gitime \u00e0 vous donner acc\u00e8s \u00e0 notre site web :<ul><li aria-level=\"2\">Pour g\u00e9rer notre interaction lorsque vous nous contactez\u00a0<\/li><li aria-level=\"2\">Fournir et am\u00e9liorer nos services<\/li><li aria-level=\"2\">Pour vous envoyer des communications marketing (vous pouvez vous y opposer \u00e0 tout moment)<\/li><\/ul><\/li><li aria-level=\"1\">Respecter les obligations l\u00e9gales et r\u00e9glementaires<\/li><\/ul><ol start=\"4\"><li>Partage des donn\u00e9es<\/li><\/ol><p>Nous pouvons partager vos informations personnelles avec<\/p><ul><li aria-level=\"1\">les prestataires de services qui nous aident \u00e0 fournir nos services<\/li><li aria-level=\"1\">les autorit\u00e9s charg\u00e9es de l'application de la loi et les autorit\u00e9s r\u00e9glementaires, si la loi l'exige<\/li><\/ul><ol start=\"5\"><li>Transfert(s) international(aux)<\/li><\/ol><p>Les donn\u00e9es \u00e0 caract\u00e8re personnel peuvent \u00eatre trait\u00e9es en dehors de l'UE\/EEE. Nous nous engageons \u00e0 effectuer tout transfert de donn\u00e9es \u00e0 caract\u00e8re personnel en dehors de l'UE\/EEE uniquement si le pays destinataire dispose d'un niveau ad\u00e9quat de protection des donn\u00e9es \u00e0 caract\u00e8re personnel (tel que d\u00e9cid\u00e9 par la Commission europ\u00e9enne), ou si le transfert est soumis aux Clauses contractuelles types (CCN) de la Commission europ\u00e9enne en vigueur \u00e0 ce moment-l\u00e0.<\/p><ol start=\"6\"><li>S\u00e9curit\u00e9 des donn\u00e9es<\/li><\/ol><p>Nous prenons des mesures de s\u00e9curit\u00e9 appropri\u00e9es pour prot\u00e9ger vos informations personnelles contre l'acc\u00e8s, l'utilisation et la divulgation non autoris\u00e9s.<\/p><ol start=\"7\"><li>Conservation des donn\u00e9es<\/li><\/ol><p>Nous conservons vos donn\u00e9es personnelles aussi longtemps que n\u00e9cessaire pour atteindre les objectifs pour lesquels elles ont \u00e9t\u00e9 collect\u00e9es, ou comme l'exige la loi.  Par exemple, les donn\u00e9es collect\u00e9es pour g\u00e9rer nos interactions lorsque vous utilisez le formulaire de contact ou \u00e0 des fins de marketing sont conserv\u00e9es pendant 3 ans apr\u00e8s votre derni\u00e8re interaction avec nous.\u00a0<\/p><ol start=\"8\"><li>Vos droits<\/li><\/ol><p>En vertu du GDPR, vous disposez des droits suivants :<\/p><ul><li aria-level=\"1\">Droit d'acc\u00e8s : Vous avez le droit de demander l'acc\u00e8s \u00e0 vos donn\u00e9es personnelles.<\/li><li aria-level=\"1\">Droit de rectification : Vous avez le droit de demander la rectification de donn\u00e9es personnelles inexactes ou incompl\u00e8tes.\u00a0\u00a0\u00a0<\/li><li aria-level=\"1\">Droit \u00e0 l'effacement : vous avez le droit de demander l'effacement de vos informations personnelles, sauf si d'autres dispositions l\u00e9gales (par exemple, les exigences l\u00e9gales en mati\u00e8re de stockage) s'y opposent, ou si nous avons un int\u00e9r\u00eat sup\u00e9rieur (par exemple, pour d\u00e9fendre nos droits et r\u00e9clamations).<\/li><li aria-level=\"1\">Droit \u00e0 la limitation du traitement : Vous avez le droit de demander la restriction du traitement de vos informations personnelles dans certaines circonstances.\u00a0\u00a0\u00a0<\/li><li aria-level=\"1\">Droit \u00e0 la portabilit\u00e9 des donn\u00e9es : Vous avez le droit de recevoir vos donn\u00e9es \u00e0 caract\u00e8re personnel dans un format structur\u00e9, couramment utilis\u00e9 et lisible par machine, et de les transmettre \u00e0 un autre responsable du traitement.\u00a0\u00a0\u00a0<\/li><li aria-level=\"1\">Droit d'opposition : Vous avez le droit de vous opposer au traitement de vos informations personnelles, sauf si nous pouvons d\u00e9montrer des motifs l\u00e9gitimes imp\u00e9rieux pour le traitement qui l'emportent sur vos int\u00e9r\u00eats, droits et libert\u00e9s, ou si le traitement est destin\u00e9 \u00e0 la constatation, \u00e0 l'exercice ou \u00e0 la d\u00e9fense de droits en justice.\u00a0\u00a0\u00a0<\/li><li aria-level=\"1\">Si vous r\u00e9sidez en France, vous avez le droit de donner \u00e0 Mandle8 des instructions sur le sort de vos donn\u00e9es apr\u00e8s votre d\u00e9c\u00e8s.\u00a0<\/li><\/ul><p>Vous pouvez exercer les droits \u00e9num\u00e9r\u00e9s dans cet article conform\u00e9ment \u00e0 l'article 1 de la pr\u00e9sente politique de protection de la vie priv\u00e9e.\u00a0<\/p><p>En outre, vous avez le droit de d\u00e9poser une plainte aupr\u00e8s d'une autorit\u00e9 de contr\u00f4le de la protection des donn\u00e9es, dont les coordonn\u00e9es sont disponibles ici ; <a href=\"https:\/\/www.cnil.fr\/fr\/saisir-la-cnil\/nous-contacter\" target=\"_blank\" rel=\"noopener\">https:\/\/www.cnil.fr\/fr\/saisir-la-cnil\/nous-contacter<\/a>.\u00a0\u00a0<\/p><ol start=\"9\"><li>Modifications de la pr\u00e9sente politique de protection de la vie priv\u00e9e<\/li><\/ol><p>Nous pouvons mettre \u00e0 jour la pr\u00e9sente politique de confidentialit\u00e9 de temps \u00e0 autre. Nous vous informerons de toute modification importante en publiant un avis sur notre site web.\u00a0\u00a0\u00a0<\/p><p>Derni\u00e8re mise \u00e0 jour : 17.01.25<\/p>\t\t\t\t\t\t\t\t<\/div>\n\t\t\t\t<\/div>\n\t\t\t\t\t<\/div>\n\t\t\t\t<\/div>\n\t\t\t\t\t<\/div>\n\t\t\t\t<\/div>\n\t\t\t\t<\/div>","protected":false},"excerpt":{"rendered":"<p>This Privacy Policy governs how Mantle8, in its role as the data controller, processes personal data in connection with the use of Mantle8\u2019s website, which includes information about users. The processing of personal data is conducted in compliance with relevant laws and regulations, including EU Regulation 2016\/679 (General Data Protection Regulation \u2013 \u201cGDPR\u201d), and any [&hellip;]<\/p>\n","protected":false},"author":40,"featured_media":0,"parent":0,"menu_order":10,"comment_status":"closed","ping_status":"closed","template":"","meta":{"footnotes":""},"class_list":["post-8527","page","type-page","status-publish","hentry"],"_links":{"self":[{"href":"https:\/\/mantle8.com\/fr\/wp-json\/wp\/v2\/pages\/8527","targetHints":{"allow":["GET"]}}],"collection":[{"href":"https:\/\/mantle8.com\/fr\/wp-json\/wp\/v2\/pages"}],"about":[{"href":"https:\/\/mantle8.com\/fr\/wp-json\/wp\/v2\/types\/page"}],"author":[{"embeddable":true,"href":"https:\/\/mantle8.com\/fr\/wp-json\/wp\/v2\/users\/40"}],"replies":[{"embeddable":true,"href":"https:\/\/mantle8.com\/fr\/wp-json\/wp\/v2\/comments?post=8527"}],"version-history":[{"count":0,"href":"https:\/\/mantle8.com\/fr\/wp-json\/wp\/v2\/pages\/8527\/revisions"}],"wp:attachment":[{"href":"https:\/\/mantle8.com\/fr\/wp-json\/wp\/v2\/media?parent=8527"}],"curies":[{"name":"wp","href":"https:\/\/api.w.org\/{rel}","templated":true}]}}